{"id":78,"date":"2022-05-07T13:55:50","date_gmt":"2022-05-07T13:55:50","guid":{"rendered":"https:\/\/www.climbinnizmir.com\/?page_id=78"},"modified":"2025-09-02T06:34:49","modified_gmt":"2025-09-02T06:34:49","slug":"fiyatlarimiz","status":"publish","type":"page","link":"https:\/\/www.climbinnizmir.com\/?page_id=78","title":{"rendered":"F\u0130YATLARIMIZ"},"content":{"rendered":"\n<p>Salonumuz \u00fcyelik sistemi ile i\u015fletilmektedir.<\/p>\n\n\n\n<p><\/p>\n\n\n\n<figure class=\"wp-block-table is-style-stripes\"><table><tbody><tr><td><\/td><td>TAM<\/td><td>\u00d6\u011eRENC\u0130 (25 YA\u015e ALTI)<\/td><\/tr><tr><td>G\u00fcnl\u00fck Giri\u015f<\/td><td>550 TL<\/td><td>550 TL<\/td><\/tr><tr><td>10 Giri\u015f<\/td><td>4900 TL<\/td><td>4500 TL<\/td><\/tr><tr><td>Ayl\u0131k<\/td><td>3900 TL<\/td><td>3150 TL<\/td><\/tr><tr><td>3 Ayl\u0131k<\/td><td>8900 TL<\/td><td>8000 TL<\/td><\/tr><tr><td>Ayakkab\u0131 Kiras\u0131<\/td><td>150 TL<\/td><td>150 TL<\/td><\/tr><tr><td>Magnezyum Torbas\u0131 Kiras\u0131<\/td><td>150 TL<\/td><td>150 TL<\/td><\/tr><\/tbody><\/table><\/figure>\n\n\n\n<p>\u00dcyelik tiplerin de herhangi bir e\u011fitim ve e\u011fitmen deste\u011fi yoktur. Herhangi bir s\u00fcre s\u0131n\u0131rlamas\u0131 yoktur, giri\u015f yapt\u0131ktan sonra istedi\u011finiz kadar vakit ge\u00e7irebilirsiniz. Salonumuzda ekipman kiralayabilirsiniz (ayakkab\u0131 magnezyum torbas\u0131 vs.).<\/p>\n\n\n\n<p>Fiyatlar\u0131m\u0131za KDV dahildir.<\/p>\n","protected":false},"excerpt":{"rendered":"<p>Salonumuz \u00fcyelik sistemi ile i\u015fletilmektedir. TAM \u00d6\u011eRENC\u0130 (25 YA\u015e ALTI) G\u00fcnl\u00fck Giri\u015f 550 TL 550 TL 10 Giri\u015f 4900 TL 4500 TL Ayl\u0131k 3900 TL 3150 TL 3 Ayl\u0131k 8900 TL 8000 TL Ayakkab\u0131 Kiras\u0131 150 TL 150 TL Magnezyum Torbas\u0131 Kiras\u0131 150 TL 150 TL \u00dcyelik tiplerin de herhangi [&hellip;]<\/p>\n","protected":false},"author":1,"featured_media":0,"parent":0,"menu_order":0,"comment_status":"closed","ping_status":"closed","template":"","meta":[],"_links":{"self":[{"href":"https:\/\/www.climbinnizmir.com\/index.php?rest_route=\/wp\/v2\/pages\/78"}],"collection":[{"href":"https:\/\/www.climbinnizmir.com\/index.php?rest_route=\/wp\/v2\/pages"}],"about":[{"href":"https:\/\/www.climbinnizmir.com\/index.php?rest_route=\/wp\/v2\/types\/page"}],"author":[{"embeddable":true,"href":"https:\/\/www.climbinnizmir.com\/index.php?rest_route=\/wp\/v2\/users\/1"}],"replies":[{"embeddable":true,"href":"https:\/\/www.climbinnizmir.com\/index.php?rest_route=%2Fwp%2Fv2%2Fcomments&post=78"}],"version-history":[{"count":16,"href":"https:\/\/www.climbinnizmir.com\/index.php?rest_route=\/wp\/v2\/pages\/78\/revisions"}],"predecessor-version":[{"id":459,"href":"https:\/\/www.climbinnizmir.com\/index.php?rest_route=\/wp\/v2\/pages\/78\/revisions\/459"}],"wp:attachment":[{"href":"https:\/\/www.climbinnizmir.com\/index.php?rest_route=%2Fwp%2Fv2%2Fmedia&parent=78"}],"curies":[{"name":"wp","href":"https:\/\/api.w.org\/{rel}","templated":true}]}}